{"id":655,"date":"2017-06-27T06:32:31","date_gmt":"2017-06-27T06:32:31","guid":{"rendered":"http:\/\/dummy.xtemos.com\/woodmart\/demos\/?page_id=655"},"modified":"2023-02-11T19:49:54","modified_gmt":"2023-02-11T19:49:54","slug":"contactenos","status":"publish","type":"page","link":"https:\/\/satelitexa.com\/es\/contactenos\/","title":{"rendered":"CONT\u00c1CTENOS"},"content":{"rendered":"<section class=\"wpb-content-wrapper\"><p>[vc_row css=\u00bb.vc_custom_1484587700785{margin-bottom: 0px !important;}\u00bb][vc_column css_animation=\u00bblightSpeedIn\u00bb width=\u00bb1\/2&#8243; css=\u00bb.vc_custom_1676144978243{margin-bottom: 35px !important;padding-top: 10px !important;}\u00bb offset=\u00bbvc_col-lg-4 vc_col-md-4&#8243; mobile_bg_img_hidden=\u00bbno\u00bb tablet_bg_img_hidden=\u00bbno\u00bb woodmart_parallax=\u00bb0&#8243; woodmart_sticky_column=\u00bbfalse\u00bb parallax_scroll=\u00bbno\u00bb mobile_reset_margin=\u00bbno\u00bb tablet_reset_margin=\u00bbno\u00bb]\n\t\t<div id=\"wd-63e7e17365902\" class=\"title-wrapper  woodmart-title-color-default woodmart-title-style-default woodmart-title-width-100 text-left wpb_animate_when_almost_visible wpb_fadeInDown fadeInDown woodmart-title-size-default vc_custom_1676141016298\">\n\t\t\t\n\t\t\t<div class=\"liner-continer\">\n\t\t\t\t<span class=\"left-line\"><\/span>\n\t\t\t\t<h4 class=\"woodmart-title-container title  woodmart-font-weight-\" >VISITANOS<\/h4>\t\t\t\t\t\t\t\t<span class=\"right-line\"><\/span>\n\t\t\t<\/div>\n\t\t\t\n\t\t\t\n\t\t\t\t\t<\/div>\n\t\t\n\t\t[vc_row_inner][vc_column_inner width=\u00bb1\/2&#8243;][vc_custom_heading text=\u00bb<strong>PIURA<\/strong>\u00bb font_container=\u00bbtag:p|font_size:16|text_align:left|color:%23001376&#8243; use_theme_fonts=\u00bbyes\u00bb css=\u00bb.vc_custom_1676141043160{margin-bottom: 10px !important;}\u00bb][vc_column_text css=\u00bb.vc_custom_1676144775216{margin-bottom: 15px !important;border-bottom-width: 1px !important;padding-bottom: 17px !important;border-bottom-color: rgba(155,155,155,0.3) !important;border-bottom-style: solid !important;}\u00bb text_larger=\u00bbno\u00bb]<strong>Carretera Piura &#8211; Chulucanas Km 2.5<\/strong><br \/>\n<strong>Castilla, Piura<\/strong>[\/vc_column_text][\/vc_column_inner][vc_column_inner width=\u00bb1\/2&#8243;][vc_custom_heading text=\u00bb<strong>LIMA<\/strong>\u00bb font_container=\u00bbtag:p|font_size:16|text_align:left|color:%23001376&#8243; use_theme_fonts=\u00bbyes\u00bb css=\u00bb.vc_custom_1676141153149{margin-bottom: 10px !important;}\u00bb][vc_column_text css=\u00bb.vc_custom_1676144788908{margin-bottom: 15px !important;border-bottom-width: 1px !important;padding-bottom: 17px !important;border-bottom-color: rgba(155,155,155,0.3) !important;border-bottom-style: solid !important;}\u00bb text_larger=\u00bbno\u00bb]<strong>Calle los Lirios Mz. M Lote 8 Urb. Sol de Santa Anita.<\/strong><br \/>\n<strong>Santa Anita &#8211; Lima<\/strong>[\/vc_column_text][\/vc_column_inner][\/vc_row_inner][vc_row_inner][vc_column_inner width=\u00bb1\/2&#8243;][vc_custom_heading text=\u00bb<strong>TARAPOTO<\/strong>\u00bb font_container=\u00bbtag:p|font_size:16|text_align:left|color:%23001376&#8243; use_theme_fonts=\u00bbyes\u00bb css=\u00bb.vc_custom_1676141180982{margin-bottom: 10px !important;}\u00bb][vc_column_text css=\u00bb.vc_custom_1676144798621{margin-bottom: 15px !important;border-bottom-width: 1px !important;padding-bottom: 17px !important;border-bottom-color: rgba(155,155,155,0.3) !important;border-bottom-style: solid !important;}\u00bb text_larger=\u00bbno\u00bb]<strong>Carretera Piura &#8211; Chulucanas Km 2.5<\/strong><br \/>\n<strong>Castilla, Piura<\/strong>[\/vc_column_text][vc_column_text text_larger=\u00bbno\u00bb]<span style=\"color: #333333;\"><strong>Central emergencia:<br \/>\n<\/strong><\/span>\u00a0 993757060<br \/>\n<span style=\"color: #333333;\"><strong>Central soporte:<br \/>\n<\/strong><\/span>\u00a0 957471862[\/vc_column_text][\/vc_column_inner][vc_column_inner width=\u00bb1\/2&#8243;][vc_custom_heading text=\u00bb<strong>Paris<\/strong>\u00bb font_container=\u00bbtag:p|font_size:16|text_align:left|color:%23ffffff\u00bb use_theme_fonts=\u00bbyes\u00bb css=\u00bb.vc_custom_1676141549265{margin-bottom: 10px !important;}\u00bb][vc_column_text woodmart_color_scheme=\u00bblight\u00bb css=\u00bb.vc_custom_1676141531017{margin-bottom: 15px !important;border-bottom-width: 1px !important;padding-bottom: 17px !important;border-bottom-color: rgba(155,155,155,0.3) !important;border-bottom-style: solid !important;}\u00bb text_larger=\u00bbno\u00bb]Con nuestra tecnolog\u00eda de monitoreo estar\u00e1 un paso por delante de sus competidores.[\/vc_column_text][vc_column_text text_larger=\u00bbno\u00bb]<span style=\"color: #333333;\"><strong>Email:<\/strong><\/span>\u00a0 soporte@satelitexa.com<br \/>\ninfo@satelitexa.com[\/vc_column_text][\/vc_column_inner][\/vc_row_inner]\n\t\t<div id=\"wd-63e7f0d3bc1f6\" class=\"title-wrapper  woodmart-title-color-default woodmart-title-style-default woodmart-title-width-100 text-left woodmart-title-size-default vc_custom_1676144934724\">\n\t\t\t\n\t\t\t<div class=\"liner-continer\">\n\t\t\t\t<span class=\"left-line\"><\/span>\n\t\t\t\t<h4 class=\"woodmart-title-container title  woodmart-font-weight-\" >ESTAMOS A SU DISPOSICI\u00d3N<\/h4>\t\t\t\t\t\t\t\t<span class=\"right-line\"><\/span>\n\t\t\t<\/div>\n\t\t\t\n\t\t\t\n\t\t\t\t\t<\/div>\n\t\t\n\t\t[vc_column_text css=\u00bb.vc_custom_1676144922747{margin-bottom: 20px !important;}\u00bb text_larger=\u00bbno\u00bb]<\/p>\n<p style=\"text-align: left;\"><strong>Con nuestra tecnolog\u00eda de monitoreo estar\u00e1 un paso por delante de sus competidores. Solicite una cotizaci\u00f3n ahora mismo.<\/strong><\/p>\n<p>[\/vc_column_text]<div id=\"wd-63e7e267b8c91\" class=\"woodmart-button-wrapper wpb_animate_when_almost_visible wpb_lightSpeedIn lightSpeedIn text-left\"><a href=\"#contact-form-popup\" title=\"\" class=\"btn btn-color-primary btn-style-default btn-shape-rectangle btn-size-default woodmart-open-popup \">ESCRIBENOS<\/a><\/div><div id=\"contact-form-popup\" class=\"mfp-with-anim woodmart-content-popup mfp-hide\" style=\"max-width:900px;\"><div class=\"woodmart-popup-inner\">[vc_row_inner equal_height=\u00bbyes\u00bb css=\u00bb.vc_custom_1493299761637{margin-top: -30px !important;margin-right: -30px !important;margin-bottom: -30px !important;margin-left: -30px !important;}\u00bb][vc_column_inner width=\u00bb2\/3&#8243; css=\u00bb.vc_custom_1493299937177{padding-top: 30px !important;padding-right: 30px !important;padding-bottom: 15px !important;padding-left: 30px !important;}\u00bb]\n\t\t<div id=\"wd-63e7eda71282a\" class=\"title-wrapper  woodmart-title-color-default woodmart-title-style-default woodmart-title-width-100 text-left woodmart-title-size-small \">\n\t\t\t\n\t\t\t<div class=\"liner-continer\">\n\t\t\t\t<span class=\"left-line\"><\/span>\n\t\t\t\t<h4 class=\"woodmart-title-container title  woodmart-font-weight-\" >\u00bfCu\u00e1l es su consulta?<\/h4>\t\t\t\t\t\t\t\t<span class=\"right-line\"><\/span>\n\t\t\t<\/div>\n\t\t\t\n\t\t\t\n\t\t\t\t\t<\/div>\n\t\t\n\t\t<div class=\"wpforms-container wpforms-container-full\" id=\"wpforms-3106\"><form id=\"wpforms-form-3106\" class=\"wpforms-validate wpforms-form\" data-formid=\"3106\" method=\"post\" enctype=\"multipart\/form-data\" action=\"\/es\/wp-json\/wp\/v2\/pages\/655\"><noscript class=\"wpforms-error-noscript\">Por favor, activa JavaScript en tu navegador para completar este formulario.<\/noscript><div class=\"wpforms-field-container\"><div id=\"wpforms-3106-field_0-container\" class=\"wpforms-field wpforms-field-name\" data-field-id=\"0\"><label class=\"wpforms-field-label wpforms-label-hide\" for=\"wpforms-3106-field_0\">Nombre <span class=\"wpforms-required-label\">*<\/span><\/label><div class=\"wpforms-field-row wpforms-field-medium\"><div class=\"wpforms-field-row-block wpforms-first wpforms-one-half\"><input type=\"text\" id=\"wpforms-3106-field_0\" class=\"wpforms-field-name-first wpforms-field-required\" name=\"wpforms[fields][0][first]\" placeholder=\"Su nombre\" required><label for=\"wpforms-3106-field_0\" class=\"wpforms-field-sublabel after wpforms-sublabel-hide\">Nombre<\/label><\/div><div class=\"wpforms-field-row-block wpforms-one-half\"><input type=\"text\" id=\"wpforms-3106-field_0-last\" class=\"wpforms-field-name-last wpforms-field-required\" name=\"wpforms[fields][0][last]\" placeholder=\"Sus apellidos\" required><label for=\"wpforms-3106-field_0-last\" class=\"wpforms-field-sublabel after wpforms-sublabel-hide\">Apellidos<\/label><\/div><\/div><\/div><div id=\"wpforms-3106-field_4-container\" class=\"wpforms-field wpforms-field-name\" data-field-id=\"4\"><label class=\"wpforms-field-label wpforms-label-hide\" for=\"wpforms-3106-field_4\">Empresa<\/label><input type=\"text\" id=\"wpforms-3106-field_4\" class=\"wpforms-field-medium\" name=\"wpforms[fields][4]\" placeholder=\"Su empresa (opcional) \" ><\/div><div id=\"wpforms-3106-field_3-container\" class=\"wpforms-field wpforms-field-number\" data-field-id=\"3\"><label class=\"wpforms-field-label wpforms-label-hide\" for=\"wpforms-3106-field_3\">DNI o RUC<\/label><input type=\"number\" pattern=\"\\d*\" id=\"wpforms-3106-field_3\" class=\"wpforms-field-medium\" name=\"wpforms[fields][3]\" placeholder=\"DNI o RUC\" ><\/div><div id=\"wpforms-3106-field_5-container\" class=\"wpforms-field wpforms-field-number\" data-field-id=\"5\"><label class=\"wpforms-field-label wpforms-label-hide\" for=\"wpforms-3106-field_5\">Tel\u00e9fono<\/label><input type=\"number\" pattern=\"\\d*\" id=\"wpforms-3106-field_5\" class=\"wpforms-field-medium\" name=\"wpforms[fields][5]\" placeholder=\"Su tel\u00e9fono\" ><\/div><div id=\"wpforms-3106-field_1-container\" class=\"wpforms-field wpforms-field-email\" data-field-id=\"1\"><label class=\"wpforms-field-label wpforms-label-hide\" for=\"wpforms-3106-field_1\">Correo electr\u00f3nico <span class=\"wpforms-required-label\">*<\/span><\/label><input type=\"email\" id=\"wpforms-3106-field_1\" class=\"wpforms-field-medium wpforms-field-required\" name=\"wpforms[fields][1]\" placeholder=\"Su Correo electr\u00f3nico\" required><\/div><div id=\"wpforms-3106-field_2-container\" class=\"wpforms-field wpforms-field-textarea\" data-field-id=\"2\"><label class=\"wpforms-field-label wpforms-label-hide\" for=\"wpforms-3106-field_2\">Comentario o mensaje <span class=\"wpforms-required-label\">*<\/span><\/label><textarea id=\"wpforms-3106-field_2\" class=\"wpforms-field-medium wpforms-field-required\" name=\"wpforms[fields][2]\" placeholder=\"Dejenos su consulta aqu\u00ed ...\" required><\/textarea><\/div><\/div><div class=\"wpforms-submit-container\" ><input type=\"hidden\" name=\"wpforms[id]\" value=\"3106\"><input type=\"hidden\" name=\"wpforms[author]\" value=\"1\"><button type=\"submit\" name=\"wpforms[submit]\" class=\"wpforms-submit \" id=\"wpforms-submit-3106\" value=\"wpforms-submit\" aria-live=\"assertive\" data-alt-text=\"Enviando...\" data-submit-text=\"Enviar\">Enviar<\/button><\/div><\/form><\/div>  <!-- .wpforms-container -->[\/vc_column_inner][vc_column_inner width=\u00bb1\/3&#8243; css=\u00bb.vc_custom_1676144695150{padding-top: 30px !important;padding-right: 30px !important;padding-bottom: 30px !important;padding-left: 30px !important;background-color: #00af00 !important;}\u00bb]\n\t\t<div id=\"wd-63e7f00c2da37\" class=\"title-wrapper  woodmart-title-color-white woodmart-title-style-default woodmart-title-width-100 text-left woodmart-title-size-small \">\n\t\t\t\n\t\t\t<div class=\"liner-continer\">\n\t\t\t\t<span class=\"left-line\"><\/span>\n\t\t\t\t<h4 class=\"woodmart-title-container title  woodmart-font-weight-\" >VISITANOS<\/h4>\t\t\t\t\t\t\t\t<span class=\"right-line\"><\/span>\n\t\t\t<\/div>\n\t\t\t\n\t\t\t\n\t\t\t\t\t<\/div>\n\t\t\n\t\t\t\t\t<div class=\"info-box-wrapper \">\n\t\t\t\t<div id=\"wd-63e7eee57e52c\" class=\" woodmart-info-box text-left box-icon-align-left box-style- color-scheme-light woodmart-bg-none box-title-default \"  >\n\t\t\t\t\t\t\t\t\t\t\t<div class=\"box-icon-wrapper  box-with-icon box-icon-simple\">\n\t\t\t\t\t\t\t<div class=\"info-box-icon\">\n\n\t\t\t\t\t\t\t\n\t\t\t\t\t\t\t\t\t\t\t\t\t\t\t\t\t<div class=\"info-svg-wrapper info-icon\" style=\"width: 30px;height: 30px;\"><svg xmlns=\"http:\/\/www.w3.org\/2000\/svg\" xmlns:xlink=\"http:\/\/www.w3.org\/1999\/xlink\" version=\"1.1\" id=\"svg-7229\" x=\"0px\" y=\"0px\" viewBox=\"0 0 60.062 60.062\" style=\"enable-background:new 0 0 60.062 60.062;\" xml:space=\"preserve\" width=\"512px\" height=\"512px\">\n<path d=\"M60.046,11.196c0.004-0.024,0.011-0.048,0.013-0.072c0.007-0.074-0.001-0.149-0.01-0.224  c-0.002-0.019,0.001-0.037-0.002-0.056c-0.018-0.099-0.051-0.196-0.1-0.289c-0.008-0.016-0.019-0.031-0.028-0.047  c-0.002-0.002-0.002-0.005-0.003-0.008c-0.001-0.002-0.004-0.003-0.005-0.006c-0.007-0.011-0.013-0.023-0.02-0.033  c-0.062-0.091-0.137-0.166-0.221-0.23c-0.019-0.014-0.041-0.022-0.061-0.035c-0.074-0.049-0.152-0.089-0.236-0.116  c-0.037-0.012-0.074-0.018-0.112-0.025c-0.073-0.015-0.146-0.022-0.222-0.02c-0.04,0.001-0.078,0.003-0.118,0.009  c-0.026,0.004-0.051,0-0.077,0.006L0.798,22.046c-0.413,0.086-0.729,0.421-0.788,0.839s0.15,0.828,0.523,1.025l16.632,8.773  l2.917,16.187c-0.002,0.012,0.001,0.025,0,0.037c-0.01,0.08-0.011,0.158-0.001,0.237c0.005,0.04,0.01,0.078,0.02,0.117  c0.023,0.095,0.06,0.184,0.11,0.268c0.01,0.016,0.01,0.035,0.021,0.051c0.003,0.005,0.008,0.009,0.012,0.013  c0.013,0.019,0.031,0.034,0.046,0.053c0.047,0.058,0.096,0.111,0.152,0.156c0.009,0.007,0.015,0.018,0.025,0.025  c0.015,0.011,0.032,0.014,0.047,0.024c0.061,0.04,0.124,0.073,0.191,0.099c0.027,0.01,0.052,0.022,0.08,0.03  c0.09,0.026,0.183,0.044,0.277,0.044c0.001,0,0.002,0,0.003,0h0c0,0,0,0,0,0c0.004,0,0.008-0.002,0.012-0.002  c0.017,0.001,0.034,0.002,0.051,0.002c0.277,0,0.527-0.124,0.712-0.315l11.079-7.386l11.6,7.54c0.164,0.106,0.354,0.161,0.545,0.161  c0.105,0,0.212-0.017,0.315-0.051c0.288-0.096,0.518-0.318,0.623-0.604l13.996-37.989c0.013-0.034,0.024-0.069,0.033-0.105  c0.004-0.015,0.005-0.03,0.008-0.044C60.042,11.22,60.044,11.208,60.046,11.196z M48.464,17.579L24.471,35.22  c-0.039,0.029-0.07,0.065-0.104,0.099c-0.013,0.012-0.026,0.022-0.037,0.035c-0.021,0.023-0.04,0.046-0.059,0.071  c-0.018,0.024-0.032,0.049-0.048,0.074c-0.037,0.06-0.068,0.122-0.092,0.188c-0.005,0.013-0.013,0.023-0.017,0.036  c-0.001,0.004-0.005,0.006-0.006,0.01l-2.75,8.937l-2.179-12.091L48.464,17.579z M22.908,46.594l2.726-9.004l4.244,2.759  l1.214,0.789l-4.124,2.749L22.908,46.594z M52.044,13.498L18.071,30.899l-14.14-7.458L52.044,13.498z M44.559,47.504L29.154,37.492  l-2.333-1.517l30.154-22.172L44.559,47.504z\" fill=\"#FFFFFF\"\/>\n<g>\n<\/g>\n<g>\n<\/g>\n<g>\n<\/g>\n<g>\n<\/g>\n<g>\n<\/g>\n<g>\n<\/g>\n<g>\n<\/g>\n<g>\n<\/g>\n<g>\n<\/g>\n<g>\n<\/g>\n<g>\n<\/g>\n<g>\n<\/g>\n<g>\n<\/g>\n<g>\n<\/g>\n<g>\n<\/g>\n<\/svg>\n<\/div>\t\t\t\t\t\t\t\t\t\t\t\t\t\t\t\t\n\t\t\t\t\t\t\t\n\t\t\t\t\t\t\t<\/div>\n\t\t\t\t\t\t<\/div>\n\t\t\t\t\t\t\t\t\t\t<div class=\"info-box-content\">\n\t\t\t\t\t\t\t\t\t\t\t\t<div class=\"info-box-inner reset-mb-10\">\n\t\t\t\t\t\t\t<p><strong>Carretera Piura &#8211; Chulucanas Km 2.5<\/strong><br \/>\n<strong>Castilla, Piura<\/strong><\/p>\n\t\t\t\t\t\t<\/div>\n\n\t\t\t\t\t\t\t\t\t\t\t\t\n\t\t\t\t\t<\/div>\n\n\t\t\t\t\t\t\t\t\t<\/div>\n\t\t\t<\/div>\n\t\t\t\t\t<div class=\"info-box-wrapper \">\n\t\t\t\t<div id=\"wd-63e7ee6938c3d\" class=\" woodmart-info-box text-left box-icon-align-left box-style- color-scheme-light woodmart-bg-none box-title-default \"  >\n\t\t\t\t\t\t\t\t\t\t\t<div class=\"box-icon-wrapper  box-with-icon box-icon-simple\">\n\t\t\t\t\t\t\t<div class=\"info-box-icon\">\n\n\t\t\t\t\t\t\t\n\t\t\t\t\t\t\t\t\t\t\t\t\t\t\t\t\t<div class=\"info-svg-wrapper info-icon\" style=\"width: 30px;height: 30px;\"><svg xmlns=\"http:\/\/www.w3.org\/2000\/svg\" xmlns:xlink=\"http:\/\/www.w3.org\/1999\/xlink\" version=\"1.1\" id=\"svg-7993\" x=\"0px\" y=\"0px\" viewBox=\"0 0 60.062 60.062\" style=\"enable-background:new 0 0 60.062 60.062;\" xml:space=\"preserve\" width=\"512px\" height=\"512px\">\n<path d=\"M60.046,11.196c0.004-0.024,0.011-0.048,0.013-0.072c0.007-0.074-0.001-0.149-0.01-0.224  c-0.002-0.019,0.001-0.037-0.002-0.056c-0.018-0.099-0.051-0.196-0.1-0.289c-0.008-0.016-0.019-0.031-0.028-0.047  c-0.002-0.002-0.002-0.005-0.003-0.008c-0.001-0.002-0.004-0.003-0.005-0.006c-0.007-0.011-0.013-0.023-0.02-0.033  c-0.062-0.091-0.137-0.166-0.221-0.23c-0.019-0.014-0.041-0.022-0.061-0.035c-0.074-0.049-0.152-0.089-0.236-0.116  c-0.037-0.012-0.074-0.018-0.112-0.025c-0.073-0.015-0.146-0.022-0.222-0.02c-0.04,0.001-0.078,0.003-0.118,0.009  c-0.026,0.004-0.051,0-0.077,0.006L0.798,22.046c-0.413,0.086-0.729,0.421-0.788,0.839s0.15,0.828,0.523,1.025l16.632,8.773  l2.917,16.187c-0.002,0.012,0.001,0.025,0,0.037c-0.01,0.08-0.011,0.158-0.001,0.237c0.005,0.04,0.01,0.078,0.02,0.117  c0.023,0.095,0.06,0.184,0.11,0.268c0.01,0.016,0.01,0.035,0.021,0.051c0.003,0.005,0.008,0.009,0.012,0.013  c0.013,0.019,0.031,0.034,0.046,0.053c0.047,0.058,0.096,0.111,0.152,0.156c0.009,0.007,0.015,0.018,0.025,0.025  c0.015,0.011,0.032,0.014,0.047,0.024c0.061,0.04,0.124,0.073,0.191,0.099c0.027,0.01,0.052,0.022,0.08,0.03  c0.09,0.026,0.183,0.044,0.277,0.044c0.001,0,0.002,0,0.003,0h0c0,0,0,0,0,0c0.004,0,0.008-0.002,0.012-0.002  c0.017,0.001,0.034,0.002,0.051,0.002c0.277,0,0.527-0.124,0.712-0.315l11.079-7.386l11.6,7.54c0.164,0.106,0.354,0.161,0.545,0.161  c0.105,0,0.212-0.017,0.315-0.051c0.288-0.096,0.518-0.318,0.623-0.604l13.996-37.989c0.013-0.034,0.024-0.069,0.033-0.105  c0.004-0.015,0.005-0.03,0.008-0.044C60.042,11.22,60.044,11.208,60.046,11.196z M48.464,17.579L24.471,35.22  c-0.039,0.029-0.07,0.065-0.104,0.099c-0.013,0.012-0.026,0.022-0.037,0.035c-0.021,0.023-0.04,0.046-0.059,0.071  c-0.018,0.024-0.032,0.049-0.048,0.074c-0.037,0.06-0.068,0.122-0.092,0.188c-0.005,0.013-0.013,0.023-0.017,0.036  c-0.001,0.004-0.005,0.006-0.006,0.01l-2.75,8.937l-2.179-12.091L48.464,17.579z M22.908,46.594l2.726-9.004l4.244,2.759  l1.214,0.789l-4.124,2.749L22.908,46.594z M52.044,13.498L18.071,30.899l-14.14-7.458L52.044,13.498z M44.559,47.504L29.154,37.492  l-2.333-1.517l30.154-22.172L44.559,47.504z\" fill=\"#FFFFFF\"\/>\n<g>\n<\/g>\n<g>\n<\/g>\n<g>\n<\/g>\n<g>\n<\/g>\n<g>\n<\/g>\n<g>\n<\/g>\n<g>\n<\/g>\n<g>\n<\/g>\n<g>\n<\/g>\n<g>\n<\/g>\n<g>\n<\/g>\n<g>\n<\/g>\n<g>\n<\/g>\n<g>\n<\/g>\n<g>\n<\/g>\n<\/svg>\n<\/div>\t\t\t\t\t\t\t\t\t\t\t\t\t\t\t\t\n\t\t\t\t\t\t\t\n\t\t\t\t\t\t\t<\/div>\n\t\t\t\t\t\t<\/div>\n\t\t\t\t\t\t\t\t\t\t<div class=\"info-box-content\">\n\t\t\t\t\t\t\t\t\t\t\t\t<div class=\"info-box-inner reset-mb-10\">\n\t\t\t\t\t\t\t<p><strong>993757060<\/strong><br \/>\n<strong>957471862<\/strong><\/p>\n\t\t\t\t\t\t<\/div>\n\n\t\t\t\t\t\t\t\t\t\t\t\t\n\t\t\t\t\t<\/div>\n\n\t\t\t\t\t\t\t\t\t<\/div>\n\t\t\t<\/div>\n\t\t\t\t\t<div class=\"info-box-wrapper \">\n\t\t\t\t<div id=\"wd-63e7eea943a94\" class=\" woodmart-info-box text-left box-icon-align-left box-style- color-scheme-light woodmart-bg-none box-title-default \"  >\n\t\t\t\t\t\t\t\t\t\t\t<div class=\"box-icon-wrapper  box-with-icon box-icon-simple\">\n\t\t\t\t\t\t\t<div class=\"info-box-icon\">\n\n\t\t\t\t\t\t\t\n\t\t\t\t\t\t\t\t\t\t\t\t\t\t\t\t\t<div class=\"info-svg-wrapper info-icon\" style=\"width: 30px;height: 30px;\"><svg xmlns=\"http:\/\/www.w3.org\/2000\/svg\" xmlns:xlink=\"http:\/\/www.w3.org\/1999\/xlink\" version=\"1.1\" id=\"svg-3344\" x=\"0px\" y=\"0px\" viewBox=\"0 0 60.062 60.062\" style=\"enable-background:new 0 0 60.062 60.062;\" xml:space=\"preserve\" width=\"512px\" height=\"512px\">\n<path d=\"M60.046,11.196c0.004-0.024,0.011-0.048,0.013-0.072c0.007-0.074-0.001-0.149-0.01-0.224  c-0.002-0.019,0.001-0.037-0.002-0.056c-0.018-0.099-0.051-0.196-0.1-0.289c-0.008-0.016-0.019-0.031-0.028-0.047  c-0.002-0.002-0.002-0.005-0.003-0.008c-0.001-0.002-0.004-0.003-0.005-0.006c-0.007-0.011-0.013-0.023-0.02-0.033  c-0.062-0.091-0.137-0.166-0.221-0.23c-0.019-0.014-0.041-0.022-0.061-0.035c-0.074-0.049-0.152-0.089-0.236-0.116  c-0.037-0.012-0.074-0.018-0.112-0.025c-0.073-0.015-0.146-0.022-0.222-0.02c-0.04,0.001-0.078,0.003-0.118,0.009  c-0.026,0.004-0.051,0-0.077,0.006L0.798,22.046c-0.413,0.086-0.729,0.421-0.788,0.839s0.15,0.828,0.523,1.025l16.632,8.773  l2.917,16.187c-0.002,0.012,0.001,0.025,0,0.037c-0.01,0.08-0.011,0.158-0.001,0.237c0.005,0.04,0.01,0.078,0.02,0.117  c0.023,0.095,0.06,0.184,0.11,0.268c0.01,0.016,0.01,0.035,0.021,0.051c0.003,0.005,0.008,0.009,0.012,0.013  c0.013,0.019,0.031,0.034,0.046,0.053c0.047,0.058,0.096,0.111,0.152,0.156c0.009,0.007,0.015,0.018,0.025,0.025  c0.015,0.011,0.032,0.014,0.047,0.024c0.061,0.04,0.124,0.073,0.191,0.099c0.027,0.01,0.052,0.022,0.08,0.03  c0.09,0.026,0.183,0.044,0.277,0.044c0.001,0,0.002,0,0.003,0h0c0,0,0,0,0,0c0.004,0,0.008-0.002,0.012-0.002  c0.017,0.001,0.034,0.002,0.051,0.002c0.277,0,0.527-0.124,0.712-0.315l11.079-7.386l11.6,7.54c0.164,0.106,0.354,0.161,0.545,0.161  c0.105,0,0.212-0.017,0.315-0.051c0.288-0.096,0.518-0.318,0.623-0.604l13.996-37.989c0.013-0.034,0.024-0.069,0.033-0.105  c0.004-0.015,0.005-0.03,0.008-0.044C60.042,11.22,60.044,11.208,60.046,11.196z M48.464,17.579L24.471,35.22  c-0.039,0.029-0.07,0.065-0.104,0.099c-0.013,0.012-0.026,0.022-0.037,0.035c-0.021,0.023-0.04,0.046-0.059,0.071  c-0.018,0.024-0.032,0.049-0.048,0.074c-0.037,0.06-0.068,0.122-0.092,0.188c-0.005,0.013-0.013,0.023-0.017,0.036  c-0.001,0.004-0.005,0.006-0.006,0.01l-2.75,8.937l-2.179-12.091L48.464,17.579z M22.908,46.594l2.726-9.004l4.244,2.759  l1.214,0.789l-4.124,2.749L22.908,46.594z M52.044,13.498L18.071,30.899l-14.14-7.458L52.044,13.498z M44.559,47.504L29.154,37.492  l-2.333-1.517l30.154-22.172L44.559,47.504z\" fill=\"#FFFFFF\"\/>\n<g>\n<\/g>\n<g>\n<\/g>\n<g>\n<\/g>\n<g>\n<\/g>\n<g>\n<\/g>\n<g>\n<\/g>\n<g>\n<\/g>\n<g>\n<\/g>\n<g>\n<\/g>\n<g>\n<\/g>\n<g>\n<\/g>\n<g>\n<\/g>\n<g>\n<\/g>\n<g>\n<\/g>\n<g>\n<\/g>\n<\/svg>\n<\/div>\t\t\t\t\t\t\t\t\t\t\t\t\t\t\t\t\n\t\t\t\t\t\t\t\n\t\t\t\t\t\t\t<\/div>\n\t\t\t\t\t\t<\/div>\n\t\t\t\t\t\t\t\t\t\t<div class=\"info-box-content\">\n\t\t\t\t\t\t\t\t\t\t\t\t<div class=\"info-box-inner reset-mb-10\">\n\t\t\t\t\t\t\t<p><strong>soporte@satelitexa.com<\/strong><br \/>\n<strong>info@satelitexa.com<\/strong><\/p>\n\t\t\t\t\t\t<\/div>\n\n\t\t\t\t\t\t\t\t\t\t\t\t\n\t\t\t\t\t<\/div>\n\n\t\t\t\t\t\t\t\t\t<\/div>\n\t\t\t<\/div>\n\t\t[vc_separator color=\u00bbcustom\u00bb accent_color=\u00bbrgba(255,255,255,0.15)\u00bb css=\u00bb.vc_custom_1484144347493{margin-bottom: 30px !important;}\u00bb][vc_column_text woodmart_color_scheme=\u00bblight\u00bb css=\u00bb.vc_custom_1493378287084{margin-bottom: 20px !important;}\u00bb]Nuestro equipo est\u00e1 aqu\u00ed para responder todas tus consultas.[\/vc_column_text][\/vc_column_inner][\/vc_row_inner]<\/div><\/div>[\/vc_column][vc_column css_animation=\u00bbzoomIn\u00bb width=\u00bb1\/2&#8243; offset=\u00bbvc_col-lg-8 vc_col-md-8&#8243; mobile_bg_img_hidden=\u00bbno\u00bb tablet_bg_img_hidden=\u00bbno\u00bb woodmart_parallax=\u00bb0&#8243; woodmart_sticky_column=\u00bbfalse\u00bb parallax_scroll=\u00bbno\u00bb mobile_reset_margin=\u00bbno\u00bb tablet_reset_margin=\u00bbno\u00bb][vc_raw_html]JTNDaWZyYW1lJTIwbG9hZGluZyUzRCUyMmxhenklMjIlMjBzcmMlM0QlMjJodHRwcyUzQSUyRiUyRnd3dy5nb29nbGUuY29tJTJGbWFwcyUyRmVtYmVkJTNGcGIlM0QlMjExbTE0JTIxMW04JTIxMW0zJTIxMWQ3OTQ2Ljk5MDAzODMyODIxNCUyMTJkLTgwLjU4NjkzMzY4MjYwMjIlMjEzZC01LjE4NDU3NjAwMDAwMDAxMSUyMTNtMiUyMTFpMTAyNCUyMTJpNzY4JTIxNGYxMy4xJTIxM20zJTIxMW0yJTIxMXMweDAlMjUzQTB4OTEwMjNhY2MxMDM3NGNhNSUyMTJzU0FURUxJVEVYQSUyMTVlMCUyMTNtMiUyMTFzZXMlMjEyc3BlJTIxNHYxNDc2MjIyMDIyOTg2JTIyJTIwd2lkdGglM0QlMjIxMDAlMjUlMjIlMjBoZWlnaHQlM0QlMjI1ODAlMjIlMjBmcmFtZWJvcmRlciUzRCUyMjAlMjIlMjBzdHlsZSUzRCUyMmJvcmRlciUzQTAlMjIlMjBhbGxvd2Z1bGxzY3JlZW4lM0QlMjIlMjIlM0UlM0MlMkZpZnJhbWUlM0U=[\/vc_raw_html][\/vc_column][\/vc_row]<\/p>\n<\/section>","protected":false},"excerpt":{"rendered":"<p>[vc_row css=\u00bb.vc_custom_1484587700785{margin-bottom: 0px !important;}\u00bb][vc_column css_animation=\u00bblightSpeedIn\u00bb width=\u00bb1\/2&#8243; css=\u00bb.vc_custom_1676144978243{margin-bottom: 35px !important;padding-top: 10px !important;}\u00bb offset=\u00bbvc_col-lg-4 vc_col-md-4&#8243; mobile_bg_img_hidden=\u00bbno\u00bb tablet_bg_img_hidden=\u00bbno\u00bb woodmart_parallax=\u00bb0&#8243; woodmart_sticky_column=\u00bbfalse\u00bb parallax_scroll=\u00bbno\u00bb mobile_reset_margin=\u00bbno\u00bb tablet_reset_margin=\u00bbno\u00bb][vc_row_inner][vc_column_inner<\/p>\n","protected":false},"author":1,"featured_media":0,"parent":0,"menu_order":0,"comment_status":"closed","ping_status":"closed","template":"","meta":{"footnotes":""},"_links":{"self":[{"href":"https:\/\/satelitexa.com\/es\/wp-json\/wp\/v2\/pages\/655"}],"collection":[{"href":"https:\/\/satelitexa.com\/es\/wp-json\/wp\/v2\/pages"}],"about":[{"href":"https:\/\/satelitexa.com\/es\/wp-json\/wp\/v2\/types\/page"}],"author":[{"embeddable":true,"href":"https:\/\/satelitexa.com\/es\/wp-json\/wp\/v2\/users\/1"}],"replies":[{"embeddable":true,"href":"https:\/\/satelitexa.com\/es\/wp-json\/wp\/v2\/comments?post=655"}],"version-history":[{"count":21,"href":"https:\/\/satelitexa.com\/es\/wp-json\/wp\/v2\/pages\/655\/revisions"}],"predecessor-version":[{"id":3423,"href":"https:\/\/satelitexa.com\/es\/wp-json\/wp\/v2\/pages\/655\/revisions\/3423"}],"wp:attachment":[{"href":"https:\/\/satelitexa.com\/es\/wp-json\/wp\/v2\/media?parent=655"}],"curies":[{"name":"wp","href":"https:\/\/api.w.org\/{rel}","templated":true}]}}