{"id":845,"date":"2017-07-13T06:58:00","date_gmt":"2017-07-13T06:58:00","guid":{"rendered":"http:\/\/dummy.xtemos.com\/woodmart\/demos\/?page_id=845"},"modified":"2023-02-11T18:59:48","modified_gmt":"2023-02-11T18:59:48","slug":"nosotros","status":"publish","type":"page","link":"https:\/\/satelitexa.com\/es\/nosotros\/","title":{"rendered":"NOSOTROS"},"content":{"rendered":"<section class=\"wpb-content-wrapper\"><p>[vc_row full_width=\u00bbstretch_row\u00bb el_class=\u00bbopacity-video-bg\u00bb css=\u00bb.vc_custom_1676126769306{margin-bottom: 8vh !important;padding-top: 32vh !important;padding-bottom: 25vh !important;background-color: #00af00 !important;background-position: center !important;background-repeat: no-repeat !important;background-size: cover !important;}\u00bb mobile_bg_img_hidden=\u00bbno\u00bb tablet_bg_img_hidden=\u00bbno\u00bb woodmart_parallax=\u00bb0&#8243; woodmart_gradient_switch=\u00bbno\u00bb row_reverse_mobile=\u00bb0&#8243; row_reverse_tablet=\u00bb0&#8243; woodmart_disable_overflow=\u00bb0&#8243;][vc_column css=\u00bb.vc_custom_1499517305703{padding-top: 0px !important;}\u00bb el_class=\u00bbtext-center\u00bb][vc_custom_heading text=\u00bbSIEMPRE CONECTADOS\u00bb font_container=\u00bbtag:h5|font_size:16|text_align:center|color:rgba(255%2C255%2C255%2C0.8)\u00bb use_theme_fonts=\u00bbyes\u00bb css_animation=\u00bbfadeInDown\u00bb css=\u00bb.vc_custom_1676133244579{margin-bottom: 10px !important;}\u00bb el_class=\u00bbvisible-lg\u00bb]\n\t\t<div id=\"wd-63e7c30f7b25b\" class=\"title-wrapper  woodmart-title-color-white woodmart-title-style-default woodmart-title-width-40 text-center wpb_animate_when_almost_visible wpb_fadeInUp fadeInUp woodmart-title-size-extra-large \">\n\t\t\t\n\t\t\t<div class=\"liner-continer\">\n\t\t\t\t<span class=\"left-line\"><\/span>\n\t\t\t\t<h4 class=\"woodmart-title-container title  woodmart-font-weight-\" >SATELITEXA GPS<\/h4>\t\t\t\t\t\t\t\t<span class=\"right-line\"><\/span>\n\t\t\t<\/div>\n\t\t\t\n\t\t\t\t\t\t\t<div class=\"title-after_title\">Satelitexa GPS es una de las mejores empresas en todo nuestro PER\u00da. Brindamos servicios de localizaci\u00f3n de activos en movimiento, particular y empresarial mediante la instalaci\u00f3n de equipos GPS.<\/div>\n\t\t\t\n\t\t\t\t\t<\/div>\n\t\t\n\t\t<div id=\"wd-63e7ac11837e5\" class=\"woodmart-button-wrapper text-center inline-element\"><a href=\"https:\/\/satelitexa.com\/es\/soluciones-gps\/\" title=\"\" class=\"btn btn-color-white btn-style-default btn-shape-rectangle btn-size-default\">SOLUCIONES INNOVADORAS<\/a><\/div><div id=\"wd-63e7c2f68b218\" class=\"woodmart-button-wrapper wpb_animate_when_almost_visible wpb_lightSpeedIn lightSpeedIn text-center inline-element\"><a href=\"https:\/\/wa.me\/51957471862?text=Hola SATELITEXA GPS, deseo mas informaci\u00f3n con respecto a sus servicios ..\" title=\"\" target=\"_blank\" class=\"btn btn-color-white btn-style-bordered btn-shape-rectangle btn-size-default\">CONT\u00c1CTENOS<\/a><\/div>[\/vc_column][\/vc_row][vc_row css=\u00bb.vc_custom_1499600383384{margin-bottom: 8vh !important;}\u00bb][vc_column offset=\u00bbvc_col-lg-offset-2 vc_col-lg-8 vc_col-md-offset-2 vc_col-md-8 vc_col-sm-offset-0&#8243; css=\u00bb.vc_custom_1499599304156{padding-top: 0px !important;}\u00bb]\n\t\t<div id=\"wd-63e7c106efa5f\" class=\"title-wrapper  woodmart-title-color-default woodmart-title-style-default woodmart-title-width-100 text-left wpb_animate_when_almost_visible wpb_wd-slide-from-left wd-slide-from-left woodmart-title-size-extra-large vc_custom_1676132740275\">\n\t\t\t\n\t\t\t<div class=\"liner-continer\">\n\t\t\t\t<span class=\"left-line\"><\/span>\n\t\t\t\t<h4 class=\"woodmart-title-container title  woodmart-font-weight-\" >QUIENES SOMOS<\/h4>\t\t\t\t\t\t\t\t<span class=\"right-line\"><\/span>\n\t\t\t<\/div>\n\t\t\t\n\t\t\t\n\t\t\t\t\t<\/div>\n\t\t\n\t\t[vc_custom_heading text=\u00bbSOLUCIONES GPS INNOVADORAS\u00bb font_container=\u00bbtag:p|font_size:20|text_align:left|color:%23001376&#8243; google_fonts=\u00bbfont_family:Lato%3A100%2C100italic%2C300%2C300italic%2Cregular%2Citalic%2C700%2C700italic%2C900%2C900italic|font_style:400%20regular%3A400%3Anormal\u00bb css_animation=\u00bbwd-slide-from-right\u00bb css=\u00bb.vc_custom_1676132760734{margin-top: -25px !important;}\u00bb el_class=\u00bbhidden-sm hidden-xs\u00bb][vc_custom_heading text=\u00bbSatelitexa GPS es una de las mejores empresas en todo nuestro PER\u00da. Brindamos servicios de localizaci\u00f3n de activos en movimiento, particular y empresarial mediante la instalaci\u00f3n de equipos GPS.\u00bb font_container=\u00bbtag:p|font_size:22|text_align:left|color:%23161616&#8243; google_fonts=\u00bbfont_family:Lato%3A100%2C100italic%2C300%2C300italic%2Cregular%2Citalic%2C700%2C700italic%2C900%2C900italic|font_style:300%20light%20italic%3A300%3Aitalic\u00bb][vc_row_inner][vc_column_inner width=\u00bb1\/2&#8243; css=\u00bb.vc_custom_1494857398526{padding-top: 0px !important;}\u00bb][vc_column_text css_animation=\u00bbslideInUp\u00bb woodmart_color_scheme=\u00bbdark\u00bb css=\u00bb.vc_custom_1676132878943{margin-bottom: 20px !important;}\u00bb text_larger=\u00bbno\u00bb]<\/p>\n<p class=\"text-larger\"><strong>Con nuestros productos y servicios buscamos incrementar la seguridad y el control de su flota, su personal o sus seres queridos. Nuestra experiencia en el desarrollo e implementaci\u00f3n de soluciones de tecnolog\u00eda en seguridad le permitir\u00e1n gestionar con seguridad y \u00e9xito sus operaciones log\u00edsticas.<\/strong><\/p>\n<p>[\/vc_column_text][\/vc_column_inner][vc_column_inner width=\u00bb1\/2&#8243; css=\u00bb.vc_custom_1494857394949{padding-top: 0px !important;}\u00bb][vc_column_text css_animation=\u00bbfadeInUp\u00bb css=\u00bb.vc_custom_1676132902876{margin-bottom: 20px !important;}\u00bb text_larger=\u00bbno\u00bb]<\/p>\n<p class=\"text-larger\"><strong>Actualmente contamos con soluciones innovadoras la cual esta tecnolog\u00eda est\u00e1 basada en un sistema de monitoreo en tiempo real donde tendr\u00e1 acceso ilimitado tanto a la plataforma web y App m\u00f3vil para monitorear su veh\u00edculo. A la fecha SATELITEXA GPS cuenta con m\u00e1s de 1300 veh\u00edculos satisfechos por la eficiencia de nuestros servicios.<\/strong><\/p>\n<p>[\/vc_column_text][\/vc_column_inner][\/vc_row_inner][\/vc_column][\/vc_row][vc_section full_width=\u00bbstretch_row\u00bb css=\u00bb.vc_custom_1676127972274{margin-bottom: 10vh !important;padding-top: 8vh !important;padding-bottom: 8vh !important;background-color: #001376 !important;background-position: center !important;background-repeat: no-repeat !important;background-size: cover !important;}\u00bb mobile_bg_img_hidden=\u00bbno\u00bb tablet_bg_img_hidden=\u00bbno\u00bb woodmart_parallax=\u00bb0&#8243; woodmart_gradient_switch=\u00bbno\u00bb woodmart_disable_overflow=\u00bb0&#8243;][vc_row equal_height=\u00bbyes\u00bb content_placement=\u00bbmiddle\u00bb css=\u00bb.vc_custom_1499604445501{margin-right: -25px !important;margin-left: -25px !important;}\u00bb][vc_column width=\u00bb1\/2&#8243; woodmart_color_scheme=\u00bblight\u00bb css=\u00bb.vc_custom_1499604612121{padding-top: 10px !important;padding-right: 25px !important;padding-bottom: 10px !important;padding-left: 25px !important;}\u00bb][vc_row_inner css=\u00bb.vc_custom_1499603294997{margin-right: 0px !important;margin-left: 0px !important;border-bottom-width: 1px !important;border-bottom-color: rgba(255,255,255,0.3) !important;border-bottom-style: solid !important;}\u00bb][vc_column_inner width=\u00bb1\/2&#8243; css=\u00bb.vc_custom_1499604113587{border-right-width: 1px !important;padding-top: 35px !important;border-right-color: rgba(255,255,255,0.3) !important;border-right-style: solid !important;}\u00bb offset=\u00bbvc_col-xs-6&#8243;]\t\t\t<div class=\"woodmart-counter  counter-large text-center color-scheme- \" id=\"wd-63e7b01336787\">\n\t\t\t\t<span class=\"counter-value woodmart-font-weight-600\" data-state=\"new\" data-final=\"1300\">1300<\/span>\n\t\t\t\t\t\t\t\t\t<span class=\"counter-label\">CLIENTES SATISFECHOS<\/span>\n\t\t\t\t\n\t\t\t\t\t\t\t<\/div>\n\t\t\t\n\t\t[\/vc_column_inner][vc_column_inner width=\u00bb1\/2&#8243; css=\u00bb.vc_custom_1499604100036{padding-top: 35px !important;}\u00bb offset=\u00bbvc_col-xs-6&#8243;]\t\t\t<div class=\"woodmart-counter  counter-large text-center color-scheme- \" id=\"wd-63e7b055de06c\">\n\t\t\t\t<span class=\"counter-value woodmart-font-weight-600\" data-state=\"new\" data-final=\"935\">935<\/span>\n\t\t\t\t\t\t\t\t\t<span class=\"counter-label\">EMPRESAS  CONFIAN EN NOSOTROS<\/span>\n\t\t\t\t\n\t\t\t\t\t\t\t<\/div>\n\t\t\t\n\t\t[\/vc_column_inner][\/vc_row_inner][vc_row_inner css=\u00bb.vc_custom_1499603294997{margin-right: 0px !important;margin-left: 0px !important;border-bottom-width: 1px !important;border-bottom-color: rgba(255,255,255,0.3) !important;border-bottom-style: solid !important;}\u00bb][vc_column_inner width=\u00bb1\/2&#8243; css=\u00bb.vc_custom_1499604519781{border-right-width: 1px !important;padding-top: 35px !important;border-right-color: rgba(255,255,255,0.3) !important;border-right-style: solid !important;}\u00bb offset=\u00bbvc_col-xs-6&#8243;]\t\t\t<div class=\"woodmart-counter  counter-large text-center color-scheme- \" id=\"wd-63e7b0df4011b\">\n\t\t\t\t<span class=\"counter-value woodmart-font-weight-600\" data-state=\"new\" data-final=\"2000\">2000<\/span>\n\t\t\t\t\t\t\t\t\t<span class=\"counter-label\">CLIENTES QUE USAN NUESTRA APLICACI\u00d3N<\/span>\n\t\t\t\t\n\t\t\t\t\t\t\t<\/div>\n\t\t\t\n\t\t[\/vc_column_inner][vc_column_inner width=\u00bb1\/2&#8243; css=\u00bb.vc_custom_1499604526470{padding-top: 35px !important;}\u00bb offset=\u00bbvc_col-xs-6&#8243;]\t\t\t<div class=\"woodmart-counter  counter-large text-center color-scheme- \" id=\"wd-63e7b11e05976\">\n\t\t\t\t<span class=\"counter-value woodmart-font-weight-600\" data-state=\"new\" data-final=\"3\">3<\/span>\n\t\t\t\t\t\t\t\t\t<span class=\"counter-label\">OFICINAS A NIVEL NACIONAL<\/span>\n\t\t\t\t\n\t\t\t\t\t\t\t<\/div>\n\t\t\t\n\t\t[\/vc_column_inner][\/vc_row_inner][\/vc_column][vc_column width=\u00bb1\/2&#8243; css=\u00bb.vc_custom_1499604620360{padding-top: 10px !important;padding-right: 35px !important;padding-bottom: 10px !important;padding-left: 35px !important;}\u00bb]\n\t\t<div id=\"wd-63e7c1e4f3b01\" class=\"title-wrapper  woodmart-title-color-white woodmart-title-style-default woodmart-title-width-90 text-left wpb_animate_when_almost_visible wpb_wd-slide-from-top wd-slide-from-top woodmart-title-size-extra-large vc_custom_1676133124042\">\n\t\t\t\n\t\t\t<div class=\"liner-continer\">\n\t\t\t\t<span class=\"left-line\"><\/span>\n\t\t\t\t<h4 class=\"woodmart-title-container title  woodmart-font-weight-\" >NUESTRA VISI\u00d3N<\/h4>\t\t\t\t\t\t\t\t<span class=\"right-line\"><\/span>\n\t\t\t<\/div>\n\t\t\t\n\t\t\t\n\t\t\t\t\t<\/div>\n\t\t\n\t\t[vc_custom_heading text=\u00bbEmpresa l\u00edder en la prestaci\u00f3n de nuestro servicio de GPS\u00bb font_container=\u00bbtag:p|font_size:20|text_align:left|color:rgba(255%2C255%2C255%2C0.8)\u00bb google_fonts=\u00bbfont_family:Lato%3A100%2C100italic%2C300%2C300italic%2Cregular%2Citalic%2C700%2C700italic%2C900%2C900italic|font_style:400%20regular%3A400%3Anormal\u00bb css_animation=\u00bbwd-slide-from-bottom\u00bb css=\u00bb.vc_custom_1676133149546{margin-top: -15px !important;margin-bottom: 15px !important;}\u00bb el_class=\u00bbhidden-sm hidden-xs\u00bb][vc_column_text woodmart_color_scheme=\u00bblight\u00bb el_class=\u00bbtext-larger\u00bb css=\u00bb.vc_custom_1676128169013{margin-bottom: 25px !important;}\u00bb text_larger=\u00bbno\u00bb]Constituirnos como una empresa l\u00edder en la prestaci\u00f3n de nuestro servicio de GPS, con el objetivo de contribuir en la mejor administraci\u00f3n de su flota o unidades de transporte.[\/vc_column_text]<div id=\"wd-63e7af6963b29\" class=\"woodmart-button-wrapper text-center inline-element\"><a href=\"https:\/\/satelitexa.com\/es\/soluciones-gps\/\" title=\"\" class=\"btn btn-color-white btn-style-default btn-shape-rectangle btn-size-default\">NUESTRAS SOLUCIONES<\/a><\/div><div id=\"wd-63e7c2d70ed50\" class=\"woodmart-button-wrapper wpb_animate_when_almost_visible wpb_lightSpeedIn lightSpeedIn text-center inline-element\"><a href=\"https:\/\/wa.me\/51957471862?text=Hola SATELITEXA GPS, deseo cotizar sus servicios\" title=\"\" target=\"_blank\" class=\"btn btn-color-white btn-style-bordered btn-shape-rectangle btn-size-default\">COTIZE AHORA MISMO<\/a><\/div>[\/vc_column][\/vc_row][\/vc_section][vc_row equal_height=\u00bbyes\u00bb content_placement=\u00bbmiddle\u00bb css=\u00bb.vc_custom_1499591488348{margin-bottom: 10vh !important;}\u00bb][vc_column css=\u00bb.vc_custom_1499612435663{padding-top: 0px !important;}\u00bb offset=\u00bbvc_col-lg-6 vc_col-md-6&#8243;]\n\t\t<div id=\"wd-63e7c74556cf0\" class=\"title-wrapper  woodmart-title-color-default woodmart-title-style-default woodmart-title-width-100 text-left wpb_animate_when_almost_visible wpb_fadeInLeft fadeInLeft woodmart-title-size-large \">\n\t\t\t\n\t\t\t<div class=\"liner-continer\">\n\t\t\t\t<span class=\"left-line\"><\/span>\n\t\t\t\t<h4 class=\"woodmart-title-container title  woodmart-font-weight-\" >VENTAJAS COMPETITIVAS<\/h4>\t\t\t\t\t\t\t\t<span class=\"right-line\"><\/span>\n\t\t\t<\/div>\n\t\t\t\n\t\t\t\n\t\t\t\t\t<\/div>\n\t\t\n\t\t[vc_custom_heading text=\u00bbA tu lado en todo momento\u00bb font_container=\u00bbtag:p|font_size:20|text_align:left|color:%23001376&#8243; google_fonts=\u00bbfont_family:Lato%3A100%2C100italic%2C300%2C300italic%2Cregular%2Citalic%2C700%2C700italic%2C900%2C900italic|font_style:400%20regular%3A400%3Anormal\u00bb css_animation=\u00bbfadeInRight\u00bb css=\u00bb.vc_custom_1676134318349{margin-top: -25px !important;margin-bottom: 40px !important;}\u00bb el_class=\u00bbhidden-sm hidden-xs\u00bb][vc_row_inner][vc_column_inner width=\u00bb1\/2&#8243;]\t\t\t<div class=\"info-box-wrapper \">\n\t\t\t\t<div id=\"wd-63e7c92a5e4cf\" class=\" woodmart-info-box text-left box-icon-align-left box-style- color-scheme- woodmart-bg-none wpb_animate_when_almost_visible wpb_zoomIn zoomIn box-title-small with-animation vc_custom_1676134803480\"  >\n\t\t\t\t\t\t\t\t\t\t\t<div class=\"box-icon-wrapper  box-with-icon box-icon-simple\">\n\t\t\t\t\t\t\t<div class=\"info-box-icon\">\n\n\t\t\t\t\t\t\t\n\t\t\t\t\t\t\t\t\t\t\t\t\t\t\t\t\t<img loading=\"lazy\" decoding=\"async\" class=\"info-icon image-1 \" src=\"https:\/\/satelitexa.com\/es\/wp-content\/uploads\/2023\/02\/icono-verde-50x50.png\" width=\"50\" height=\"50\" alt=\"icono verde\" title=\"icono verde\" \/>\t\t\t\t\t\t\t\t\t\t\t\t\t\t\t\t\n\t\t\t\t\t\t\t\n\t\t\t\t\t\t\t<\/div>\n\t\t\t\t\t\t<\/div>\n\t\t\t\t\t\t\t\t\t\t<div class=\"info-box-content\">\n\t\t\t\t\t\t<h4 class=\"info-box-title woodmart-font-weight- box-title-style-default\">INNOVACI\u00d3N<\/h4>\t\t\t\t\t\t<div class=\"info-box-inner reset-mb-10\">\n\t\t\t\t\t\t\t\t\t\t\t\t\t<\/div>\n\n\t\t\t\t\t\t\t\t\t\t\t\t\n\t\t\t\t\t<\/div>\n\n\t\t\t\t\t\t\t\t\t<\/div>\n\t\t\t<\/div>\n\t\t\t\t\t<div class=\"info-box-wrapper \">\n\t\t\t\t<div id=\"wd-63e7c960a89cd\" class=\" woodmart-info-box text-left box-icon-align-left box-style- color-scheme- woodmart-bg-none wpb_animate_when_almost_visible wpb_zoomIn zoomIn box-title-small \"  >\n\t\t\t\t\t\t\t\t\t\t\t<div class=\"box-icon-wrapper  box-with-icon box-icon-simple\">\n\t\t\t\t\t\t\t<div class=\"info-box-icon\">\n\n\t\t\t\t\t\t\t\n\t\t\t\t\t\t\t\t\t\t\t\t\t\t\t\t\t<img loading=\"lazy\" decoding=\"async\" class=\"info-icon image-1 \" src=\"https:\/\/satelitexa.com\/es\/wp-content\/uploads\/2023\/02\/icono-verde-50x50.png\" width=\"50\" height=\"50\" alt=\"icono verde\" title=\"icono verde\" \/>\t\t\t\t\t\t\t\t\t\t\t\t\t\t\t\t\n\t\t\t\t\t\t\t\n\t\t\t\t\t\t\t<\/div>\n\t\t\t\t\t\t<\/div>\n\t\t\t\t\t\t\t\t\t\t<div class=\"info-box-content\">\n\t\t\t\t\t\t<h4 class=\"info-box-title woodmart-font-weight- box-title-style-default\">TRANSPARENCIA <\/h4>\t\t\t\t\t\t<div class=\"info-box-inner reset-mb-10\">\n\t\t\t\t\t\t\t\t\t\t\t\t\t<\/div>\n\n\t\t\t\t\t\t\t\t\t\t\t\t\n\t\t\t\t\t<\/div>\n\n\t\t\t\t\t\t\t\t\t<\/div>\n\t\t\t<\/div>\n\t\t[\/vc_column_inner][vc_column_inner width=\u00bb1\/2&#8243;]\t\t\t<div class=\"info-box-wrapper \">\n\t\t\t\t<div id=\"wd-63e7c950bced6\" class=\" woodmart-info-box text-left box-icon-align-left box-style- color-scheme- woodmart-bg-none wpb_animate_when_almost_visible wpb_zoomIn zoomIn box-title-small vc_custom_1676134823263\"  >\n\t\t\t\t\t\t\t\t\t\t\t<div class=\"box-icon-wrapper  box-with-icon box-icon-simple\">\n\t\t\t\t\t\t\t<div class=\"info-box-icon\">\n\n\t\t\t\t\t\t\t\n\t\t\t\t\t\t\t\t\t\t\t\t\t\t\t\t\t<img loading=\"lazy\" decoding=\"async\" class=\"info-icon image-1 \" src=\"https:\/\/satelitexa.com\/es\/wp-content\/uploads\/2023\/02\/icono-verde-50x50.png\" width=\"50\" height=\"50\" alt=\"icono verde\" title=\"icono verde\" \/>\t\t\t\t\t\t\t\t\t\t\t\t\t\t\t\t\n\t\t\t\t\t\t\t\n\t\t\t\t\t\t\t<\/div>\n\t\t\t\t\t\t<\/div>\n\t\t\t\t\t\t\t\t\t\t<div class=\"info-box-content\">\n\t\t\t\t\t\t<h4 class=\"info-box-title woodmart-font-weight- box-title-style-default\">CONFIANZA <\/h4>\t\t\t\t\t\t<div class=\"info-box-inner reset-mb-10\">\n\t\t\t\t\t\t\t\t\t\t\t\t\t<\/div>\n\n\t\t\t\t\t\t\t\t\t\t\t\t\n\t\t\t\t\t<\/div>\n\n\t\t\t\t\t\t\t\t\t<\/div>\n\t\t\t<\/div>\n\t\t\t\t\t<div class=\"info-box-wrapper \">\n\t\t\t\t<div id=\"wd-63e7c972d1fca\" class=\" woodmart-info-box text-left box-icon-align-left box-style- color-scheme- woodmart-bg-none wpb_animate_when_almost_visible wpb_zoomIn zoomIn box-title-small \"  >\n\t\t\t\t\t\t\t\t\t\t\t<div class=\"box-icon-wrapper  box-with-icon box-icon-simple\">\n\t\t\t\t\t\t\t<div class=\"info-box-icon\">\n\n\t\t\t\t\t\t\t\n\t\t\t\t\t\t\t\t\t\t\t\t\t\t\t\t\t<img loading=\"lazy\" decoding=\"async\" class=\"info-icon image-1 \" src=\"https:\/\/satelitexa.com\/es\/wp-content\/uploads\/2023\/02\/icono-verde-50x50.png\" width=\"50\" height=\"50\" alt=\"icono verde\" title=\"icono verde\" \/>\t\t\t\t\t\t\t\t\t\t\t\t\t\t\t\t\n\t\t\t\t\t\t\t\n\t\t\t\t\t\t\t<\/div>\n\t\t\t\t\t\t<\/div>\n\t\t\t\t\t\t\t\t\t\t<div class=\"info-box-content\">\n\t\t\t\t\t\t<h4 class=\"info-box-title woodmart-font-weight- box-title-style-default\">SEGURIDAD<\/h4>\t\t\t\t\t\t<div class=\"info-box-inner reset-mb-10\">\n\t\t\t\t\t\t\t\t\t\t\t\t\t<\/div>\n\n\t\t\t\t\t\t\t\t\t\t\t\t\n\t\t\t\t\t<\/div>\n\n\t\t\t\t\t\t\t\t\t<\/div>\n\t\t\t<\/div>\n\t\t[\/vc_column_inner][\/vc_row_inner][\/vc_column][vc_column css=\u00bb.vc_custom_1499612446263{padding-top: 0px !important;background-position: center !important;background-repeat: no-repeat !important;background-size: cover !important;}\u00bb offset=\u00bbvc_col-lg-6 vc_col-md-6&#8243;]\t\t\t<div id=\"gallery_147\" class=\"woodmart-images-gallery gallery-halign-center gallery-valign-middle view-grid wpb_animate_when_almost_visible wpb_bounceIn bounceIn photoswipe-images\" >\n\t\t\t\t<div class=\"gallery-images row woodmart-spacing-0\">\n\t\t\t\t\t\t\t\t\t\t\t\t\t\t\t\t\t\t<div class=\"woodmart-gallery-item col-12\">\n\t\t\t\t\t\t\t\t\t\t\t\t\t\t\t\t\t<a href=\"https:\/\/satelitexa.com\/es\/wp-content\/uploads\/2023\/02\/nootros-768x574-1.jpg\" data-index=\"1\" data-width=\"768\" data-height=\"574\"  title=\"nootros-768x574\">\n\t\t\t\t\t\t\t\t\t\t\t\t\t\t\t\t\n\t\t\t\t\t\t\t\t\t\t\t\t\t\t\t\t\t<img loading=\"lazy\" decoding=\"async\" width=\"768\" height=\"574\" src=\"https:\/\/satelitexa.com\/es\/wp-content\/uploads\/2023\/02\/nootros-768x574-1.jpg\" class=\"woodmart-gallery-image image-1 attachment-full\" alt=\"\" title=\"nootros-768x574\" srcset=\"https:\/\/satelitexa.com\/es\/wp-content\/uploads\/2023\/02\/nootros-768x574-1.jpg 768w, https:\/\/satelitexa.com\/es\/wp-content\/uploads\/2023\/02\/nootros-768x574-1-300x224.jpg 300w, https:\/\/satelitexa.com\/es\/wp-content\/uploads\/2023\/02\/nootros-768x574-1-600x448.jpg 600w\" sizes=\"(max-width: 768px) 100vw, 768px\" \/>\t\t\t\t\t\t\t\t\t\t\t\t\t\t\t\t\n\t\t\t\t\t\t\t\t\t\t\t\t\t\t\t\t\t<\/a>\n\t\t\t\t\t\t\t\t\t\t\t\t\t\t\t<\/div>\n\t\t\t\t\t\t\t\t\t\t\t\t\t\t\t<\/div>\n\t\t\t<\/div>\n\t\t\t\t\t[\/vc_column][\/vc_row][vc_row full_width=\u00bbstretch_row\u00bb css=\u00bb.vc_custom_1676138785192{margin-bottom: 0px !important;padding-top: 12vh !important;padding-bottom: 12vh !important;background-color: #00af00 !important;}\u00bb mobile_bg_img_hidden=\u00bbno\u00bb tablet_bg_img_hidden=\u00bbno\u00bb woodmart_parallax=\u00bb0&#8243; woodmart_gradient_switch=\u00bbno\u00bb row_reverse_mobile=\u00bb0&#8243; row_reverse_tablet=\u00bb0&#8243; woodmart_disable_overflow=\u00bb0&#8243;][vc_column css=\u00bb.vc_custom_1499516443656{padding-top: 0px !important;}\u00bb][vc_custom_heading text=\u00bbVISITANOS EN NUESTRAS OFICINAS A NIVEL NACIONAL\u00bb font_container=\u00bbtag:h5|font_size:16|text_align:center|color:rgba(255%2C255%2C255%2C0.8)\u00bb use_theme_fonts=\u00bbyes\u00bb css=\u00bb.vc_custom_1676138916784{margin-bottom: 10px !important;}\u00bb el_class=\u00bbvisible-lg\u00bb]\n\t\t<div id=\"wd-63e7d92875778\" class=\"title-wrapper  woodmart-title-color-white woodmart-title-style-default woodmart-title-width-50 text-center woodmart-title-size-extra-large vc_custom_1676138878195\">\n\t\t\t\n\t\t\t<div class=\"liner-continer\">\n\t\t\t\t<span class=\"left-line\"><\/span>\n\t\t\t\t<h4 class=\"woodmart-title-container title  woodmart-font-weight-\" >Estamos a su disposici\u00f3n<\/h4>\t\t\t\t\t\t\t\t<span class=\"right-line\"><\/span>\n\t\t\t<\/div>\n\t\t\t\n\t\t\t\t\t\t\t<div class=\"title-after_title\">Con nuestra tecnolog\u00eda de monitoreo estar\u00e1 un paso por delante de sus competidores. Solicite una cotizaci\u00f3n ahora mismo.<\/div>\n\t\t\t\n\t\t\t\t\t<\/div>\n\t\t\n\t\t[\/vc_column][vc_column width=\u00bb1\/2&#8243; css=\u00bb.vc_custom_1499669319732{padding-top: 0px !important;}\u00bb offset=\u00bbvc_col-lg-3 vc_col-md-3&#8243;]\t\t\t<div class=\"info-box-wrapper \">\n\t\t\t\t<div id=\"wd-63e7cad766d4f\" class=\" woodmart-info-box text-left box-icon-align-left box-style- color-scheme-light woodmart-bg-none box-title-small vc_custom_1676135228474\"  >\n\t\t\t\t\t\t\t\t\t\t<div class=\"info-box-content\">\n\t\t\t\t\t\t<h4 class=\"info-box-title woodmart-font-weight- box-title-style-default\">PIURA<\/h4>\t\t\t\t\t\t<div class=\"info-box-inner reset-mb-10\">\n\t\t\t\t\t\t\t<p>Carretera Piura &#8211; Chulucanas Km 2.5,<br \/>\nCastilla, Piura<\/p>\n\t\t\t\t\t\t<\/div>\n\n\t\t\t\t\t\t\t\t\t\t\t\t\n\t\t\t\t\t<\/div>\n\n\t\t\t\t\t\t\t\t\t<\/div>\n\t\t\t<\/div>\n\t\t[\/vc_column][vc_column width=\u00bb1\/2&#8243; css=\u00bb.vc_custom_1499669331084{padding-top: 0px !important;}\u00bb offset=\u00bbvc_col-lg-3 vc_col-md-3&#8243;]\t\t\t<div class=\"info-box-wrapper \">\n\t\t\t\t<div id=\"wd-63e7cb081a976\" class=\" woodmart-info-box text-left box-icon-align-left box-style- color-scheme-light woodmart-bg-none box-title-small vc_custom_1676135293457\"  >\n\t\t\t\t\t\t\t\t\t\t<div class=\"info-box-content\">\n\t\t\t\t\t\t<h4 class=\"info-box-title woodmart-font-weight- box-title-style-default\">LIMA<\/h4>\t\t\t\t\t\t<div class=\"info-box-inner reset-mb-10\">\n\t\t\t\t\t\t\t<p>Calle los Lirios Mz. M Lote 8 Urb. Sol de Santa Anita.<br \/>\nSanta Anita &#8211; Lima<\/p>\n\t\t\t\t\t\t<\/div>\n\n\t\t\t\t\t\t\t\t\t\t\t\t\n\t\t\t\t\t<\/div>\n\n\t\t\t\t\t\t\t\t\t<\/div>\n\t\t\t<\/div>\n\t\t[\/vc_column][vc_column width=\u00bb1\/2&#8243; css=\u00bb.vc_custom_1499669343848{padding-top: 0px !important;}\u00bb offset=\u00bbvc_col-lg-3 vc_col-md-3&#8243;]\t\t\t<div class=\"info-box-wrapper \">\n\t\t\t\t<div id=\"wd-63e7cb377014a\" class=\" woodmart-info-box text-left box-icon-align-left box-style- color-scheme-light woodmart-bg-none box-title-small vc_custom_1676135374271\"  >\n\t\t\t\t\t\t\t\t\t\t<div class=\"info-box-content\">\n\t\t\t\t\t\t<h4 class=\"info-box-title woodmart-font-weight- box-title-style-default\">TARAPOTO<\/h4>\t\t\t\t\t\t<div class=\"info-box-inner reset-mb-10\">\n\t\t\t\t\t\t\t<p>Jr Girasoles 154<br \/>\nTarapoto<\/p>\n\t\t\t\t\t\t<\/div>\n\n\t\t\t\t\t\t\t\t\t\t\t\t\n\t\t\t\t\t<\/div>\n\n\t\t\t\t\t\t\t\t\t<\/div>\n\t\t\t<\/div>\n\t\t[\/vc_column][vc_column width=\u00bb1\/2&#8243; css=\u00bb.vc_custom_1499669356596{padding-top: 0px !important;}\u00bb offset=\u00bbvc_col-lg-3 vc_col-md-3&#8243;]\t\t\t<div class=\"info-box-wrapper \">\n\t\t\t\t<div id=\"wd-63e7cb9dbaffc\" class=\" woodmart-info-box text-left box-icon-align-left box-style- color-scheme-light woodmart-bg-none box-title-small vc_custom_1676135443364\"  >\n\t\t\t\t\t\t\t\t\t\t<div class=\"info-box-content\">\n\t\t\t\t\t\t<h4 class=\"info-box-title woodmart-font-weight- box-title-style-default\">ESCRIBENOS<\/h4>\t\t\t\t\t\t<div class=\"info-box-inner reset-mb-10\">\n\t\t\t\t\t\t\t<p>soporte@satelitexa.com<br \/>\ninfo@satelitexa.com<\/p>\n\t\t\t\t\t\t<\/div>\n\n\t\t\t\t\t\t\t\t\t\t\t\t\n\t\t\t\t\t<\/div>\n\n\t\t\t\t\t\t\t\t\t<\/div>\n\t\t\t<\/div>\n\t\t[vc_column_text woodmart_color_scheme=\u00bblight\u00bb text_larger=\u00bbno\u00bb]<span style=\"color: #ffffff;\"><strong>Central emergencia:<br \/>\n<\/strong> <\/span>993757060<br \/>\n<span style=\"color: #ffffff;\"><strong>Central soporte:<br \/>\n<\/strong><\/span> 957471862[\/vc_column_text][\/vc_column][\/vc_row]<\/p>\n<\/section>","protected":false},"excerpt":{"rendered":"<p>[vc_row full_width=\u00bbstretch_row\u00bb el_class=\u00bbopacity-video-bg\u00bb css=\u00bb.vc_custom_1676126769306{margin-bottom: 8vh !important;padding-top: 32vh !important;padding-bottom: 25vh !important;background-color: #00af00 !important;background-position: center !important;background-repeat: no-repeat !important;background-size: cover !important;}\u00bb mobile_bg_img_hidden=\u00bbno\u00bb tablet_bg_img_hidden=\u00bbno\u00bb<\/p>\n","protected":false},"author":1,"featured_media":0,"parent":0,"menu_order":0,"comment_status":"closed","ping_status":"closed","template":"","meta":{"footnotes":""},"_links":{"self":[{"href":"https:\/\/satelitexa.com\/es\/wp-json\/wp\/v2\/pages\/845"}],"collection":[{"href":"https:\/\/satelitexa.com\/es\/wp-json\/wp\/v2\/pages"}],"about":[{"href":"https:\/\/satelitexa.com\/es\/wp-json\/wp\/v2\/types\/page"}],"author":[{"embeddable":true,"href":"https:\/\/satelitexa.com\/es\/wp-json\/wp\/v2\/users\/1"}],"replies":[{"embeddable":true,"href":"https:\/\/satelitexa.com\/es\/wp-json\/wp\/v2\/comments?post=845"}],"version-history":[{"count":28,"href":"https:\/\/satelitexa.com\/es\/wp-json\/wp\/v2\/pages\/845\/revisions"}],"predecessor-version":[{"id":3174,"href":"https:\/\/satelitexa.com\/es\/wp-json\/wp\/v2\/pages\/845\/revisions\/3174"}],"wp:attachment":[{"href":"https:\/\/satelitexa.com\/es\/wp-json\/wp\/v2\/media?parent=845"}],"curies":[{"name":"wp","href":"https:\/\/api.w.org\/{rel}","templated":true}]}}